{"id":37,"date":"2025-12-16T19:22:50","date_gmt":"2025-12-16T19:22:50","guid":{"rendered":"https:\/\/sanad-tr.com\/?page_id=37"},"modified":"2026-01-12T12:30:56","modified_gmt":"2026-01-12T12:30:56","slug":"%d9%82%d8%b7%d8%a7%d8%b9-%d8%a7%d9%84%d8%b3%d9%8a%d8%a7%d8%ad%d8%a9","status":"publish","type":"page","link":"https:\/\/sanad-tr.com\/tr\/%d9%82%d8%b7%d8%a7%d8%b9-%d8%a7%d9%84%d8%b3%d9%8a%d8%a7%d8%ad%d8%a9\/","title":{"rendered":"Turizm Sekt\u00f6r\u00fc"},"content":{"rendered":"<div class=\"wpb-content-wrapper\"><p>[vc_row responsive_tabs_advanced=&#8221;mobile&#8221; woodmart_css_id=&#8221;695d00053b9c7&#8243; responsive_spacing=&#8221;eyJwYXJhbV90eXBlIjoid29vZG1hcnRfcmVzcG9uc2l2ZV9zcGFjaW5nIiwic2VsZWN0b3JfaWQiOiI2OTVkMDAwNTNiOWM3Iiwic2hvcnRjb2RlIjoidmNfcm93IiwiZGF0YSI6eyJ0YWJsZXQiOnt9LCJtb2JpbGUiOnt9fX0=&#8221; mobile_bg_img_hidden=&#8221;no&#8221; tablet_bg_img_hidden=&#8221;no&#8221; woodmart_parallax=&#8221;0&#8243; woodmart_gradient_switch=&#8221;no&#8221; woodmart_box_shadow=&#8221;no&#8221; wd_z_index=&#8221;no&#8221; woodmart_disable_overflow=&#8221;0&#8243; row_reverse_mobile=&#8221;1&#8243; row_reverse_tablet=&#8221;0&#8243;][vc_column width=&#8221;1\/2&#8243;]\n\t\t<div id=\"wd-69595fe8e6a1c\" class=\"title-wrapper wd-wpb wd-set-mb reset-last-child  wd-rs-69595fe8e6a1c wd-title-color-primary wd-title-style-simple text-left wd-off-anim wpb_animate_when_almost_visible wpb_fadeInRight fadeInRight wd-anim-name_fadeInRight  wd-underline-colored\">\n\t\t\t\n\t\t\t<div class=\"liner-continer\">\n\t\t\t\t<h4 class=\"woodmart-title-container title  wd-font-weight-700 wd-fontsize-xxl\" >Entegre Turizm Hizmetleri<\/h4>\n\t\t\t\t\t\t\t<\/div>\n\t\t\t\n\t\t\t\t\t\t\t<div class=\"title-after_title reset-last-child  wd-fontsize-s\">T\u00fcrkiye genelinde ayr\u0131cal\u0131kl\u0131 turizm hizmetleri sunuyoruz:<\/div>\n\t\t\t\n\t\t\t\n\t\t<\/div>\n\t\t\n\t\t\n\t\t<ul class=\" wd-rs-6959600a50130 wd-list wd-wpb color-scheme- wd-fontsize-m wd-type-icon wd-style-default text-left wd-off-anim wpb_animate_when_almost_visible wpb_fadeInRight fadeInRight wd-anim-name_fadeInRight \" id=\"wd-6959600a50130\">\n\t\t\t\t\t\t\t\t\t\t\t<li>\n\t\t\t\t\t<span class=\"wd-icon list-icon fa fa-regular fa-square-check\"><\/span>\n\t\t\t\t\t<span class=\"wd-list-content list-content\">\n\t\t\t\t\t\t\t\t\t\t\t\t\tU\u00e7ak bileti rezervasyonu\t\t\t\t\t\t\t\t\t\t\t<\/span>\n\t\t\t\t<\/li>\n\t\t\t\t\t\t\t\t\t\t\t<li>\n\t\t\t\t\t<span class=\"wd-icon list-icon fa fa-regular fa-square-check\"><\/span>\n\t\t\t\t\t<span class=\"wd-list-content list-content\">\n\t\t\t\t\t\t\t\t\t\t\t\t\tVize i\u015flemleri\t\t\t\t\t\t\t\t\t\t\t<\/span>\n\t\t\t\t<\/li>\n\t\t\t\t\t\t\t\t\t\t\t<li>\n\t\t\t\t\t<span class=\"wd-icon list-icon fa fa-regular fa-square-check\"><\/span>\n\t\t\t\t\t<span class=\"wd-list-content list-content\">\n\t\t\t\t\t\t\t\t\t\t\t\t\tYurti\u00e7i turizm programlar\u0131\n\t\t\t\t\t\t\t\t\t\t\t<\/span>\n\t\t\t\t<\/li>\n\t\t\t\t\t\t\t\t\t\t\t<li>\n\t\t\t\t\t<span class=\"wd-icon list-icon fa fa-regular fa-square-check\"><\/span>\n\t\t\t\t\t<span class=\"wd-list-content list-content\">\n\t\t\t\t\t\t\t\t\t\t\t\t\tOtel rezervasyonlar\u0131\n\t\t\t\t\t\t\t\t\t\t\t<\/span>\n\t\t\t\t<\/li>\n\t\t\t\t\t\t\t\t\t\t\t<li>\n\t\t\t\t\t<span class=\"wd-icon list-icon fa fa-regular fa-square-check\"><\/span>\n\t\t\t\t\t<span class=\"wd-list-content list-content\">\n\t\t\t\t\t\t\t\t\t\t\t\t\t\u00d6zel ve aile turlar\u0131\n\t\t\t\t\t\t\t\t\t\t\t<\/span>\n\t\t\t\t<\/li>\n\t\t\t\t\t\t\t\t\t\t\t<li>\n\t\t\t\t\t<span class=\"wd-icon list-icon fa fa-regular fa-square-check\"><\/span>\n\t\t\t\t\t<span class=\"wd-list-content list-content\">\n\t\t\t\t\t\t\t\t\t\t\t\t\t\u0130stanbul ve T\u00fcrkiye geneli turlar\n\t\t\t\t\t\t\t\t\t\t\t<\/span>\n\t\t\t\t<\/li>\n\t\t\t\t\t<\/ul>\n\t\t\t\t\t<div class=\"info-box-wrapper\">\n\t\t\t\t<div id=\"wd-69596093ce6dc\" class=\" wd-rs-69596093ce6dc wd-info-box wd-wpb text-left box-icon-align-left box-style-shadow color-scheme- wd-bg-none wd-off-anim wpb_animate_when_almost_visible wpb_fadeInUp fadeInUp wd-anim-name_fadeInUp wd-items-middle \">\n\t\t\t\t\t\t\t\t\t\t\t<div class=\"box-icon-wrapper  box-with-icon box-icon-simple\">\n\t\t\t\t\t\t\t<div class=\"info-box-icon\">\n\n\t\t\t\t\t\t\t\n\t\t\t\t\t\t\t\t\t\t\t\t\t\t\t\t\t<img loading=\"lazy\" decoding=\"async\" width=\"64\" height=\"64\" src=\"https:\/\/sanad-tr.com\/wp-content\/uploads\/2025\/12\/mission.png\" class=\"attachment-800x600 size-800x600\" alt=\"\" srcset=\"https:\/\/sanad-tr.com\/wp-content\/uploads\/2025\/12\/mission.png 64w, https:\/\/sanad-tr.com\/wp-content\/uploads\/2025\/12\/mission-40x40.png 40w\" sizes=\"auto, (max-width: 64px) 100vw, 64px\" \/>\t\t\t\t\t\t\t\t\t\t\t\t\t\t\t\n\t\t\t\t\t\t\t<\/div>\n\t\t\t\t\t\t<\/div>\n\t\t\t\t\t\t\t\t\t\t<div class=\"info-box-content\">\n\t\t\t\t\t\t<h4 class=\"info-box-title title box-title-style-default wd-fontsize-m\">Amac\u0131m\u0131z g\u00fcvenli ve konforlu seyahat deneyimi sunmakt\u0131r.<\/h4>\t\t\t\t\t\t<div class=\"info-box-inner reset-last-child\"><\/div>\n\n\t\t\t\t\t\t\t\t\t\t\t<\/div>\n\n\t\t\t\t\t\n\t\t\t\t\t\t\t\t\t<\/div>\n\t\t\t<\/div>\n\t\t\t\t\t<div\n\t\t\t\t\t\tclass=\" wd-rs-6964e94221193 wd-social-icons vc_custom_1768221008783 wd-style-primary wd-size-default social-follow wd-shape-circle color-scheme-dark text-left\">\n\t\t\t\t\n\t\t\t\t\t\t\t\t\t<span class=\"wd-label\">Turizm hizmetlerimizle ilgili g\u00fcncel bilgilere ula\u015fmak i\u00e7in bizi takip edin:<\/span>\n\t\t\t\t\n\t\t\t\t\n\t\t\t\t\n\t\t\t\t\n\t\t\t\t\n\t\t\t\t\t\t\t\t\t<a rel=\"noopener noreferrer nofollow\" href=\"https:\/\/www.instagram.com\/sanadtr02?igsh=eW15Y3F5NWczaTJ5&#038;utm_source=qr\" target=\"_blank\" class=\" wd-social-icon social-instagram\" aria-label=\"Instagram social link\">\n\t\t\t\t\t\t<span class=\"wd-icon\"><\/span>\n\t\t\t\t\t\t\t\t\t\t\t<\/a>\n\t\t\t\t\n\t\t\t\t\n\t\t\t\t\n\t\t\t\t\n\t\t\t\t\n\t\t\t\t\n\t\t\t\t\n\t\t\t\t\n\t\t\t\t\n\t\t\t\t\n\t\t\t\t\n\t\t\t\t\n\t\t\t\t\n\t\t\t\t\n\t\t\t\t\n\t\t\t\t\n\t\t\t\t\n\t\t\t\t\t\t\t\t\t<a rel=\"noopener noreferrer nofollow\" href=\"https:\/\/www.tiktok.com\/@sanadtr02\" target=\"_blank\" class=\" wd-social-icon social-tiktok\" aria-label=\"TikTok social link\">\n\t\t\t\t\t\t<span class=\"wd-icon\"><\/span>\n\t\t\t\t\t\t\t\t\t\t\t<\/a>\n\t\t\t\t\n\t\t\t\t\n\t\t\t\t\n\t\t\t\t\n\t\t\t\t\n\t\t\t<\/div>\n\n\t\t[\/vc_column][vc_column width=&#8221;1\/2&#8243;]\t\t<div id=\"wd-69527c346fc81\" data-parallax='{\"y\":\"-80\",\"smoothness\":\"30\"}' class=\"wd-image wd-wpb wd-rs-69527c346fc81 text-center \">\n\t\t\t\n\t\t\t<img decoding=\"async\"  src=\"https:\/\/sanad-tr.com\/wp-content\/uploads\/2025\/12\/Untitled-design-8.svg\" title=\"Untitled design (8)\" loading=\"lazy\" width=\"900\" height=\"600\">\n\t\t\t\t\t<\/div>\n\t\t[\/vc_column][\/vc_row]<\/p>\n<\/div>","protected":false},"excerpt":{"rendered":"<p>[vc_row responsive_tabs_advanced=&#8221;mobile&#8221; woodmart_css_id=&#8221;695d00053b9c7&#8243; responsive_spacing=&#8221;eyJwYXJhbV90eXBlIjoid29vZG1hcnRfcmVzcG9uc2l2ZV9zcGFjaW5nIiwic2VsZWN0b3JfaWQiOiI2OTVkMDAwNTNiOWM3Iiwic2hvcnRjb2RlIjoidmNfcm93IiwiZGF0YSI6eyJ0YWJsZXQiOnt9LCJtb2JpbGUiOnt9fX0=&#8221; mobile_bg_img_hidden=&#8221;no&#8221; tablet_bg_img_hidden=&#8221;no&#8221; woodmart_parallax=&#8221;0&#8243; woodmart_gradient_switch=&#8221;no&#8221; woodmart_box_shadow=&#8221;no&#8221; wd_z_index=&#8221;no&#8221; woodmart_disable_overflow=&#8221;0&#8243; row_reverse_mobile=&#8221;1&#8243; row_reverse_tablet=&#8221;0&#8243;][vc_column width=&#8221;1\/2&#8243;][\/vc_column][vc_column width=&#8221;1\/2&#8243;][\/vc_column][\/vc_row]<\/p>\n","protected":false},"author":1,"featured_media":0,"parent":0,"menu_order":0,"comment_status":"closed","ping_status":"closed","template":"","meta":{"footnotes":""},"class_list":["post-37","page","type-page","status-publish","hentry"],"_links":{"self":[{"href":"https:\/\/sanad-tr.com\/tr\/wp-json\/wp\/v2\/pages\/37","targetHints":{"allow":["GET"]}}],"collection":[{"href":"https:\/\/sanad-tr.com\/tr\/wp-json\/wp\/v2\/pages"}],"about":[{"href":"https:\/\/sanad-tr.com\/tr\/wp-json\/wp\/v2\/types\/page"}],"author":[{"embeddable":true,"href":"https:\/\/sanad-tr.com\/tr\/wp-json\/wp\/v2\/users\/1"}],"replies":[{"embeddable":true,"href":"https:\/\/sanad-tr.com\/tr\/wp-json\/wp\/v2\/comments?post=37"}],"version-history":[{"count":8,"href":"https:\/\/sanad-tr.com\/tr\/wp-json\/wp\/v2\/pages\/37\/revisions"}],"predecessor-version":[{"id":232,"href":"https:\/\/sanad-tr.com\/tr\/wp-json\/wp\/v2\/pages\/37\/revisions\/232"}],"wp:attachment":[{"href":"https:\/\/sanad-tr.com\/tr\/wp-json\/wp\/v2\/media?parent=37"}],"curies":[{"name":"wp","href":"https:\/\/api.w.org\/{rel}","templated":true}]}}