{"id":33,"date":"2025-12-16T19:22:26","date_gmt":"2025-12-16T19:22:26","guid":{"rendered":"https:\/\/sanad-tr.com\/?page_id=33"},"modified":"2026-01-06T12:26:41","modified_gmt":"2026-01-06T12:26:41","slug":"%d9%82%d8%b7%d8%a7%d8%b9-%d8%a7%d9%84%d8%aa%d8%ac%d8%a7%d8%b1%d8%a9","status":"publish","type":"page","link":"https:\/\/sanad-tr.com\/tr\/%d9%82%d8%b7%d8%a7%d8%b9-%d8%a7%d9%84%d8%aa%d8%ac%d8%a7%d8%b1%d8%a9\/","title":{"rendered":"Ticaret Sekt\u00f6r\u00fc"},"content":{"rendered":"<div class=\"wpb-content-wrapper\"><p>[vc_row responsive_tabs_advanced=&#8221;mobile&#8221; woodmart_css_id=&#8221;695cff7119720&#8243; responsive_spacing=&#8221;eyJwYXJhbV90eXBlIjoid29vZG1hcnRfcmVzcG9uc2l2ZV9zcGFjaW5nIiwic2VsZWN0b3JfaWQiOiI2OTVjZmY3MTE5NzIwIiwic2hvcnRjb2RlIjoidmNfcm93IiwiZGF0YSI6eyJ0YWJsZXQiOnt9LCJtb2JpbGUiOnt9fX0=&#8221; mobile_bg_img_hidden=&#8221;no&#8221; tablet_bg_img_hidden=&#8221;no&#8221; woodmart_parallax=&#8221;0&#8243; woodmart_gradient_switch=&#8221;no&#8221; woodmart_box_shadow=&#8221;no&#8221; wd_z_index=&#8221;no&#8221; woodmart_disable_overflow=&#8221;0&#8243; row_reverse_mobile=&#8221;1&#8243; row_reverse_tablet=&#8221;0&#8243;][vc_column width=&#8221;1\/2&#8243;]\n\t\t<div id=\"wd-69595ee40aaaf\" class=\"title-wrapper wd-wpb wd-set-mb reset-last-child  wd-rs-69595ee40aaaf wd-title-color-primary wd-title-style-simple text-left wd-off-anim wpb_animate_when_almost_visible wpb_fadeInRight fadeInRight wd-anim-name_fadeInRight  wd-underline-colored\">\n\t\t\t\n\t\t\t<div class=\"liner-continer\">\n\t\t\t\t<h4 class=\"woodmart-title-container title  wd-font-weight-700 wd-fontsize-xxl\" >Ticaret ve Ticari Hizmetler<\/h4>\n\t\t\t\t\t\t\t<\/div>\n\t\t\t\n\t\t\t\t\t\t\t<div class=\"title-after_title reset-last-child  wd-fontsize-s\">T\u00fcrkiye i\u00e7i ve d\u0131\u015f\u0131 genel ticaret hizmetleri sunuyoruz:<\/div>\n\t\t\t\n\t\t\t\n\t\t<\/div>\n\t\t\n\t\t\n\t\t<ul class=\" wd-rs-69595ef66e027 wd-list wd-wpb color-scheme- wd-fontsize-m wd-type-icon wd-style-default text-left wd-off-anim wpb_animate_when_almost_visible wpb_fadeInRight fadeInRight wd-anim-name_fadeInRight \" id=\"wd-69595ef66e027\">\n\t\t\t\t\t\t\t\t\t\t\t<li>\n\t\t\t\t\t<span class=\"wd-icon list-icon fa fa-regular fa-square-check\"><\/span>\n\t\t\t\t\t<span class=\"wd-list-content list-content\">\n\t\t\t\t\t\t\t\t\t\t\t\t\t\u00dcr\u00fcn tedariki\n\t\t\t\t\t\t\t\t\t\t\t<\/span>\n\t\t\t\t<\/li>\n\t\t\t\t\t\t\t\t\t\t\t<li>\n\t\t\t\t\t<span class=\"wd-icon list-icon fa fa-regular fa-square-check\"><\/span>\n\t\t\t\t\t<span class=\"wd-list-content list-content\">\n\t\t\t\t\t\t\t\t\t\t\t\t\t\u0130thalat & ihracat\n\t\t\t\t\t\t\t\t\t\t\t<\/span>\n\t\t\t\t<\/li>\n\t\t\t\t\t\t\t\t\t\t\t<li>\n\t\t\t\t\t<span class=\"wd-icon list-icon fa fa-regular fa-square-check\"><\/span>\n\t\t\t\t\t<span class=\"wd-list-content list-content\">\n\t\t\t\t\t\t\t\t\t\t\t\t\t\u0130n\u015faat malzemeleri temini\n\t\t\t\t\t\t\t\t\t\t\t<\/span>\n\t\t\t\t<\/li>\n\t\t\t\t\t\t\t\t\t\t\t<li>\n\t\t\t\t\t<span class=\"wd-icon list-icon fa fa-regular fa-square-check\"><\/span>\n\t\t\t\t\t<span class=\"wd-list-content list-content\">\n\t\t\t\t\t\t\t\t\t\t\t\t\tMakine ve ekipman ticareti\n\t\t\t\t\t\t\t\t\t\t\t<\/span>\n\t\t\t\t<\/li>\n\t\t\t\t\t\t\t\t\t\t\t<li>\n\t\t\t\t\t<span class=\"wd-icon list-icon fa fa-regular fa-square-check\"><\/span>\n\t\t\t\t\t<span class=\"wd-list-content list-content\">\n\t\t\t\t\t\t\t\t\t\t\t\t\tToptan ve perakende sat\u0131\u015f\n\t\t\t\t\t\t\t\t\t\t\t<\/span>\n\t\t\t\t<\/li>\n\t\t\t\t\t<\/ul>\n\t\t\t\t\t<div class=\"info-box-wrapper\">\n\t\t\t\t<div id=\"wd-69595f258602c\" class=\" wd-rs-69595f258602c wd-info-box wd-wpb text-left box-icon-align-left box-style-shadow color-scheme- wd-bg-none wd-off-anim wpb_animate_when_almost_visible wpb_fadeInUp fadeInUp wd-anim-name_fadeInUp wd-items-middle \">\n\t\t\t\t\t\t\t\t\t\t\t<div class=\"box-icon-wrapper  box-with-icon box-icon-with-bg\">\n\t\t\t\t\t\t\t<div class=\"info-box-icon\">\n\n\t\t\t\t\t\t\t\n\t\t\t\t\t\t\t\t\t\t\t\t\t\t\t\t\t<img loading=\"lazy\" decoding=\"async\" width=\"64\" height=\"64\" src=\"https:\/\/sanad-tr.com\/wp-content\/uploads\/2025\/12\/deal.png\" class=\"attachment-800x600 size-800x600\" alt=\"\" \/>\t\t\t\t\t\t\t\t\t\t\t\t\t\t\t\n\t\t\t\t\t\t\t<\/div>\n\t\t\t\t\t\t<\/div>\n\t\t\t\t\t\t\t\t\t\t<div class=\"info-box-content\">\n\t\t\t\t\t\t<h4 class=\"info-box-title title box-title-style-default wd-fontsize-m\">Geni\u015f i\u015f a\u011f\u0131m\u0131z rekabet\u00e7i fiyatlar sunmam\u0131z\u0131 sa\u011flar.<\/h4>\t\t\t\t\t\t<div class=\"info-box-inner reset-last-child\"><\/div>\n\n\t\t\t\t\t\t\t\t\t\t\t<\/div>\n\n\t\t\t\t\t\n\t\t\t\t\t\t\t\t\t<\/div>\n\t\t\t<\/div>\n\t\t[\/vc_column][vc_column width=&#8221;1\/2&#8243;]\t\t<div id=\"wd-69510a42d35dc\" data-parallax='{\"y\":\"-80\",\"smoothness\":\"30\"}' class=\"wd-image wd-wpb wd-rs-69510a42d35dc text-center \">\n\t\t\t\n\t\t\t<img decoding=\"async\"  src=\"https:\/\/sanad-tr.com\/wp-content\/uploads\/2025\/12\/Untitled-design-6.svg\" title=\"Untitled design (6)\" loading=\"lazy\" width=\"900\" height=\"600\">\n\t\t\t\t\t<\/div>\n\t\t[\/vc_column][\/vc_row]<\/p>\n<\/div>","protected":false},"excerpt":{"rendered":"<p>[vc_row responsive_tabs_advanced=&#8221;mobile&#8221; woodmart_css_id=&#8221;695cff7119720&#8243; responsive_spacing=&#8221;eyJwYXJhbV90eXBlIjoid29vZG1hcnRfcmVzcG9uc2l2ZV9zcGFjaW5nIiwic2VsZWN0b3JfaWQiOiI2OTVjZmY3MTE5NzIwIiwic2hvcnRjb2RlIjoidmNfcm93IiwiZGF0YSI6eyJ0YWJsZXQiOnt9LCJtb2JpbGUiOnt9fX0=&#8221; mobile_bg_img_hidden=&#8221;no&#8221; tablet_bg_img_hidden=&#8221;no&#8221; woodmart_parallax=&#8221;0&#8243; woodmart_gradient_switch=&#8221;no&#8221; woodmart_box_shadow=&#8221;no&#8221; wd_z_index=&#8221;no&#8221; woodmart_disable_overflow=&#8221;0&#8243; row_reverse_mobile=&#8221;1&#8243; row_reverse_tablet=&#8221;0&#8243;][vc_column width=&#8221;1\/2&#8243;][\/vc_column][vc_column width=&#8221;1\/2&#8243;][\/vc_column][\/vc_row]<\/p>\n","protected":false},"author":1,"featured_media":0,"parent":0,"menu_order":0,"comment_status":"closed","ping_status":"closed","template":"","meta":{"footnotes":""},"class_list":["post-33","page","type-page","status-publish","hentry"],"_links":{"self":[{"href":"https:\/\/sanad-tr.com\/tr\/wp-json\/wp\/v2\/pages\/33","targetHints":{"allow":["GET"]}}],"collection":[{"href":"https:\/\/sanad-tr.com\/tr\/wp-json\/wp\/v2\/pages"}],"about":[{"href":"https:\/\/sanad-tr.com\/tr\/wp-json\/wp\/v2\/types\/page"}],"author":[{"embeddable":true,"href":"https:\/\/sanad-tr.com\/tr\/wp-json\/wp\/v2\/users\/1"}],"replies":[{"embeddable":true,"href":"https:\/\/sanad-tr.com\/tr\/wp-json\/wp\/v2\/comments?post=33"}],"version-history":[{"count":6,"href":"https:\/\/sanad-tr.com\/tr\/wp-json\/wp\/v2\/pages\/33\/revisions"}],"predecessor-version":[{"id":218,"href":"https:\/\/sanad-tr.com\/tr\/wp-json\/wp\/v2\/pages\/33\/revisions\/218"}],"wp:attachment":[{"href":"https:\/\/sanad-tr.com\/tr\/wp-json\/wp\/v2\/media?parent=33"}],"curies":[{"name":"wp","href":"https:\/\/api.w.org\/{rel}","templated":true}]}}